{"id":174,"date":"2025-07-12T09:50:35","date_gmt":"2025-07-12T09:50:35","guid":{"rendered":"https:\/\/socialdevelopmenthub.org\/student-registration\/"},"modified":"2025-07-12T09:50:35","modified_gmt":"2025-07-12T09:50:35","slug":"student-registration","status":"publish","type":"page","link":"https:\/\/socialdevelopmenthub.org\/en\/student-registration\/","title":{"rendered":"Student Registration"},"content":{"rendered":"<form id=\"academy_student_reg_form\" class=\"academy-reg-form academy-reg-form--student\" method=\"post\" action=\"#\" data-trp-original-action=\"#\">\n\t<input type=\"hidden\" id=\"_wpnonce\" name=\"_wpnonce\" value=\"c9b7d4d040\" \/><input type=\"hidden\" name=\"_wp_http_referer\" value=\"\/en\/wp-json\/wp\/v2\/pages\/174\" \/>\t\n\t<div class=\"academy-row\">\n\t\t\t\t<div class=\"academy-col academy-form-group\">\n\t\t\t\t\t\t\t\t<label for=\"academy_first-name\">\n\t\t\t\t\t\tFirst name\t\t\t\t\t\t\t\t\t\t\t<\/label>\n\t\t\t\t\t<div>\n\t\t\t\t\t\t<input\n\t\t\t\t\t\t\t\tid=\"academy_first-name\"\n\t\t\t\t\t\t\t\tclass=\"academy-form-control\"\n\t\t\t\t\t\t\t\ttype=\"text\"\n\t\t\t\t\t\t\t\tname=\"first-name\"\n\t\t\t\t\t\t\t\tplaceholder=\"Enter your first name.\"\n\t\t\t\t\t\t\t required\t\t\/>\n\t\t\t\t\t\t\t\t\t\t\t\t\t\t\t\t\t<\/div>\n\t\t\t\t\t\t\t<\/div>\n\t\t\t\t\t\t<div class=\"academy-col academy-form-group\">\n\t\t\t\t\t\t\t\t<label for=\"academy_last-name\">\n\t\t\t\t\t\tSurname\t\t\t\t\t\t\t\t\t\t\t<\/label>\n\t\t\t\t\t<div>\n\t\t\t\t\t\t<input\n\t\t\t\t\t\t\t\tid=\"academy_last-name\"\n\t\t\t\t\t\t\t\tclass=\"academy-form-control\"\n\t\t\t\t\t\t\t\ttype=\"text\"\n\t\t\t\t\t\t\t\tname=\"last-name\"\n\t\t\t\t\t\t\t\tplaceholder=\"Enter your last name.\"\n\t\t\t\t\t\t\t required\t\t\/>\n\t\t\t\t\t\t\t\t\t\t\t\t\t\t\t\t\t<\/div>\n\t\t\t\t\t\t\t<\/div>\n\t\t\t\t<\/div>\n\t\t<div class=\"academy-row\">\n\t\t\t\t<div class=\"academy-col academy-form-group\">\n\t\t\t\t\t\t\t\t<label for=\"academy_date-field\">\n\t\t\t\t\t\tDate of birth\t\t\t\t\t\t\t\t\t\t\t<\/label>\n\t\t\t\t\t<div>\n\t\t\t\t\t\t<input\n\t\t\t\t\t\t\t\tid=\"academy_date-field\"\n\t\t\t\t\t\t\t\tclass=\"academy-form-control\"\n\t\t\t\t\t\t\t\ttype=\"date\"\n\t\t\t\t\t\t\t\tname=\"date-field\"\n\t\t\t\t\t\t\t\tplaceholder=\"Date field\"\n\t\t\t\t\t\t\t required\t\t\/>\n\t\t\t\t\t\t\t\t\t\t\t\t\t\t\t\t\t<\/div>\n\t\t\t\t\t\t\t<\/div>\n\t\t\t\t\t\t<div class=\"academy-col academy-form-group\">\n\t\t\t\t\t\t\t\t<label for=\"academy_radio-field\">\n\t\t\t\t\t\tGender\t\t\t\t\t\t\t\t\t\t\t<\/label>\n\t\t\t\t\t\t\t\t\t\t\t<div class=\"academy-form-check\">\n\t\t\t\t\t\t\t<label class=\"academy-form-check-label\">\n\t\t\t\t\t\t\t\t<input class=\"academy-form-check-input\"\n\t\t\t\t\t\t\t\ttype=\"radio\"\n\t\t\t\t\t\t\t\tvalue=\"a\"\n\t\t\t\t\t\t\t\tid=\"a\"\n\t\t\t\t\t\t\t\tname=\"radio-field\"\n\t\t\t\t\t\t\t\t>\n\t\t\t\t\t\t\t\tMasculine\t\t\t\t\t\t\t<\/label>\n\t\t\t\t\t\t<\/div>\n\t\t\t\t\t\t\t\t\t\t\t<div class=\"academy-form-check\">\n\t\t\t\t\t\t\t<label class=\"academy-form-check-label\">\n\t\t\t\t\t\t\t\t<input class=\"academy-form-check-input\"\n\t\t\t\t\t\t\t\ttype=\"radio\"\n\t\t\t\t\t\t\t\tvalue=\"b\"\n\t\t\t\t\t\t\t\tid=\"b\"\n\t\t\t\t\t\t\t\tname=\"radio-field\"\n\t\t\t\t\t\t\t\t>\n\t\t\t\t\t\t\t\tFeminine\t\t\t\t\t\t\t<\/label>\n\t\t\t\t\t\t<\/div>\n\t\t\t\t\t\t\t\t\t\t\t<div class=\"academy-form-check\">\n\t\t\t\t\t\t\t<label class=\"academy-form-check-label\">\n\t\t\t\t\t\t\t\t<input class=\"academy-form-check-input\"\n\t\t\t\t\t\t\t\ttype=\"radio\"\n\t\t\t\t\t\t\t\tvalue=\"c\"\n\t\t\t\t\t\t\t\tid=\"c\"\n\t\t\t\t\t\t\t\tname=\"radio-field\"\n\t\t\t\t\t\t\t\t>\n\t\t\t\t\t\t\t\tNon-binary\t\t\t\t\t\t\t<\/label>\n\t\t\t\t\t\t<\/div>\n\t\t\t\t\t\n\t\t\t\t\t\t\t<\/div>\n\t\t\t\t<\/div>\n\t\t<div class=\"academy-row\">\n\t\t\t\t<div class=\"academy-col academy-form-group\">\n\t\t\t\t\t\t\t\t<label for=\"academy_text-field\">\n\t\t\t\t\t\tOrganization\t\t\t\t\t\t\t\t\t\t\t<\/label>\n\t\t\t\t\t<div>\n\t\t\t\t\t\t<input\n\t\t\t\t\t\t\t\tid=\"academy_text-field\"\n\t\t\t\t\t\t\t\tclass=\"academy-form-control\"\n\t\t\t\t\t\t\t\ttype=\"text\"\n\t\t\t\t\t\t\t\tname=\"text-field\"\n\t\t\t\t\t\t\t\tplaceholder=\"Text field\"\n\t\t\t\t\t\t\t\t\t\t\t\t\t\/>\n\t\t\t\t\t\t\t\t\t\t\t\t\t\t\t\t\t<\/div>\n\t\t\t\t\t\t\t<\/div>\n\t\t\t\t<\/div>\n\t\t<div class=\"academy-row\">\n\t\t\t\t<div class=\"academy-col academy-form-group\">\n\t\t\t\t\t\t\t\t<label for=\"academy_email\">\n\t\t\t\t\t\tEmail\t\t\t\t\t\t\t\t\t\t\t<\/label>\n\t\t\t\t\t<div>\n\t\t\t\t\t\t<input\n\t\t\t\t\t\t\t\tid=\"academy_email\"\n\t\t\t\t\t\t\t\tclass=\"academy-form-control\"\n\t\t\t\t\t\t\t\ttype=\"text\"\n\t\t\t\t\t\t\t\tname=\"email\"\n\t\t\t\t\t\t\t\tplaceholder=\"Enter Email Address\"\n\t\t\t\t\t\t\t required\t\t\/>\n\t\t\t\t\t\t\t\t\t\t\t\t\t\t\t\t\t<\/div>\n\t\t\t\t\t\t\t<\/div>\n\t\t\t\t<\/div>\n\t\t<div class=\"academy-row\">\n\t\t\t\t<div class=\"academy-col academy-form-group\">\n\t\t\t\t\t\t\t\t<label for=\"academy_confirm-email\">\n\t\t\t\t\t\tConfirm Email\t\t\t\t\t\t\t\t\t\t\t<\/label>\n\t\t\t\t\t<div>\n\t\t\t\t\t\t<input\n\t\t\t\t\t\t\t\tid=\"academy_confirm-email\"\n\t\t\t\t\t\t\t\tclass=\"academy-form-control\"\n\t\t\t\t\t\t\t\ttype=\"email\"\n\t\t\t\t\t\t\t\tname=\"confirm-email\"\n\t\t\t\t\t\t\t\tplaceholder=\"Email field\"\n\t\t\t\t\t\t\t required\t\t\/>\n\t\t\t\t\t\t\t\t\t\t\t\t\t\t\t\t\t<\/div>\n\t\t\t\t\t\t\t<\/div>\n\t\t\t\t<\/div>\n\t\t<div class=\"academy-row\">\n\t\t\t\t<div class=\"academy-col academy-form-group\">\n\t\t\t\t\t\t\t\t<label for=\"academy_password\">\n\t\t\t\t\t\tPassword\t\t\t\t\t\t\t\t\t\t\t<\/label>\n\t\t\t\t\t<div>\n\t\t\t\t\t\t<input\n\t\t\t\t\t\t\t\tid=\"academy_password\"\n\t\t\t\t\t\t\t\tclass=\"academy-form-control\"\n\t\t\t\t\t\t\t\ttype=\"password\"\n\t\t\t\t\t\t\t\tname=\"password\"\n\t\t\t\t\t\t\t\tplaceholder=\"Enter Password\"\n\t\t\t\t\t\t\t required\t\t\/>\n\t\t\t\t\t\t\t\t\t\t\t\t\t<span id=\"password-icon\" class=\"toggle-password academy-icon academy-icon--eye\"><\/span>\n\t\t\t\t\t\t\t\t\t\t\t\t\t\t\t\t\t<\/div>\n\t\t\t\t\t\t\t<\/div>\n\t\t\t\t\t\t<div class=\"academy-col academy-form-group\">\n\t\t\t\t\t\t\t\t<label for=\"academy_confirm-password\">\n\t\t\t\t\t\tConfirm Password\t\t\t\t\t\t\t\t\t\t\t<\/label>\n\t\t\t\t\t<div>\n\t\t\t\t\t\t<input\n\t\t\t\t\t\t\t\tid=\"academy_confirm-password\"\n\t\t\t\t\t\t\t\tclass=\"academy-form-control\"\n\t\t\t\t\t\t\t\ttype=\"password\"\n\t\t\t\t\t\t\t\tname=\"confirm-password\"\n\t\t\t\t\t\t\t\tplaceholder=\"Enter Confirm Password\"\n\t\t\t\t\t\t\t required\t\t\/>\n\t\t\t\t\t\t\t\t\t\t\t\t\t\t\t\t\t\t\t<span id=\"confirm-password-icon\" class=\"toggle-password academy-icon academy-icon--eye\"><\/span>\n\t\t\t\t\t\t\t\t\t\t\t<\/div>\n\t\t\t\t\t\t\t<\/div>\n\t\t\t\t<\/div>\n\t\t<div class=\"academy-row\">\n\t\t\t\t<div class=\"academy-col academy-form-group\">\n\t\t\t\t\t\t\t\t\t\t\t<div class=\"academy-form-group\">\n\t\t\t\t<div class=\"g-recaptcha\" data-sitekey=\"6LeVxIUsAAAAAN2Q2ffGYMCK4ZO2YoSMV-LUs3ms\"><\/div>\n\t\t\t<\/div>\n\t\t\t\t\t\t\t\t<button class=\"academy-btn academy-btn--bg-purple\"\n\t\t\t\t\ttype=\"submit\">Register as Student<\/button>\n\t\t\t\t\t\t\t<\/div>\n\t\t\t\t<\/div>\n\t\t<div class=\"academy-register-form-status\"><\/div>\n<input type=\"hidden\" name=\"trp-form-language\" value=\"en\"\/><\/form>","protected":false},"excerpt":{"rendered":"<p>Primeiro nome Sobrenome Data de Nascimento G\u00e9nero Masculino Feminino N\u00e3o Bin\u00e1rio Organiza\u00e7\u00e3o Email Confirmar e-mail Password Confirm Password Register as Student<\/p>","protected":false},"author":1,"featured_media":0,"parent":0,"menu_order":0,"comment_status":"closed","ping_status":"closed","template":"academy-canvas.php","meta":{"neve_meta_sidebar":"","neve_meta_container":"","neve_meta_enable_content_width":"","neve_meta_content_width":0,"neve_meta_title_alignment":"","neve_meta_author_avatar":"","neve_post_elements_order":"","neve_meta_disable_header":"","neve_meta_disable_footer":"","neve_meta_disable_title":"","neve_meta_reading_time":"","_themeisle_gutenberg_block_has_review":false,"footnotes":""},"class_list":["post-174","page","type-page","status-publish","hentry"],"_links":{"self":[{"href":"https:\/\/socialdevelopmenthub.org\/en\/wp-json\/wp\/v2\/pages\/174","targetHints":{"allow":["GET"]}}],"collection":[{"href":"https:\/\/socialdevelopmenthub.org\/en\/wp-json\/wp\/v2\/pages"}],"about":[{"href":"https:\/\/socialdevelopmenthub.org\/en\/wp-json\/wp\/v2\/types\/page"}],"author":[{"embeddable":true,"href":"https:\/\/socialdevelopmenthub.org\/en\/wp-json\/wp\/v2\/users\/1"}],"replies":[{"embeddable":true,"href":"https:\/\/socialdevelopmenthub.org\/en\/wp-json\/wp\/v2\/comments?post=174"}],"version-history":[{"count":0,"href":"https:\/\/socialdevelopmenthub.org\/en\/wp-json\/wp\/v2\/pages\/174\/revisions"}],"wp:attachment":[{"href":"https:\/\/socialdevelopmenthub.org\/en\/wp-json\/wp\/v2\/media?parent=174"}],"curies":[{"name":"wp","href":"https:\/\/api.w.org\/{rel}","templated":true}]}}