{"id":390,"date":"2025-10-13T17:29:15","date_gmt":"2025-10-13T18:29:15","guid":{"rendered":"https:\/\/socialdevelopmenthub.org\/?page_id=390"},"modified":"2025-10-13T17:29:16","modified_gmt":"2025-10-13T18:29:16","slug":"filomena-fortes","status":"publish","type":"page","link":"https:\/\/socialdevelopmenthub.org\/en\/filomena-fortes\/","title":{"rendered":"Filomena Fortes"},"content":{"rendered":"<div class=\"wp-block-image\">\n<figure class=\"alignleft size-full\"><img loading=\"lazy\" decoding=\"async\" width=\"490\" height=\"294\" src=\"https:\/\/socialdevelopmenthub.org\/wp-content\/uploads\/2025\/10\/image-11.png\" alt=\"\" class=\"wp-image-391\" srcset=\"https:\/\/socialdevelopmenthub.org\/wp-content\/uploads\/2025\/10\/image-11.png 490w, https:\/\/socialdevelopmenthub.org\/wp-content\/uploads\/2025\/10\/image-11-300x180.png 300w\" sizes=\"auto, (max-width: 490px) 100vw, 490px\" \/><\/figure>\n<\/div>\n\n\n<p><strong>Filomena Fortes \u2014 Secretary of the General Assembly Board<\/strong><\/p>\n\n\n\n<p>Filomena Fortes holds a PhD in Educational Sciences and is the President of the Cape Verdean Olympic Committee, President of ACOLOP \u2013 the Association of Olympic Committees of Portuguese-Speaking Countries, the first permanent member of Cape Verde on the International Olympic Committee, and 2nd Vice-President of ANOCA \u2013 the Association of National Olympic Committees of Africa. Throughout her career, she has promoted sport as a powerful tool for social impact, inclusion, and empowerment. Filomena Fortes embodies the role of Leadership and Empowerment.<\/p>","protected":false},"excerpt":{"rendered":"<p>Filomena Fortes \u2014 Secret\u00e1ria da Mesa da Assembleia Geral Doutorada em Ci\u00eancias da Educa\u00e7\u00e3o, Filomena Fortes \u00e9 Presidente do Comit\u00e9 Ol\u00edmpico Cabo-verdiano, Presidente da ACOLOP \u2013 Associa\u00e7\u00e3o dos Comit\u00e9s Ol\u00edmpicos de L\u00edngua Oficial Portuguesa, primeiro membro permanente de Cabo Verde no Comit\u00e9 Ol\u00edmpico Internacional e 2.\u00aa Vice-presidente da ANOCA \u2013 Association of National Olympic Committees&hellip;&nbsp;<\/p>","protected":false},"author":1,"featured_media":0,"parent":0,"menu_order":0,"comment_status":"closed","ping_status":"closed","template":"","meta":{"neve_meta_sidebar":"","neve_meta_container":"","neve_meta_enable_content_width":"","neve_meta_content_width":0,"neve_meta_title_alignment":"","neve_meta_author_avatar":"","neve_post_elements_order":"","neve_meta_disable_header":"","neve_meta_disable_footer":"","neve_meta_disable_title":"","neve_meta_reading_time":"","_themeisle_gutenberg_block_has_review":false,"footnotes":""},"class_list":["post-390","page","type-page","status-publish","hentry"],"_links":{"self":[{"href":"https:\/\/socialdevelopmenthub.org\/en\/wp-json\/wp\/v2\/pages\/390","targetHints":{"allow":["GET"]}}],"collection":[{"href":"https:\/\/socialdevelopmenthub.org\/en\/wp-json\/wp\/v2\/pages"}],"about":[{"href":"https:\/\/socialdevelopmenthub.org\/en\/wp-json\/wp\/v2\/types\/page"}],"author":[{"embeddable":true,"href":"https:\/\/socialdevelopmenthub.org\/en\/wp-json\/wp\/v2\/users\/1"}],"replies":[{"embeddable":true,"href":"https:\/\/socialdevelopmenthub.org\/en\/wp-json\/wp\/v2\/comments?post=390"}],"version-history":[{"count":1,"href":"https:\/\/socialdevelopmenthub.org\/en\/wp-json\/wp\/v2\/pages\/390\/revisions"}],"predecessor-version":[{"id":392,"href":"https:\/\/socialdevelopmenthub.org\/en\/wp-json\/wp\/v2\/pages\/390\/revisions\/392"}],"wp:attachment":[{"href":"https:\/\/socialdevelopmenthub.org\/en\/wp-json\/wp\/v2\/media?parent=390"}],"curies":[{"name":"wp","href":"https:\/\/api.w.org\/{rel}","templated":true}]}}