{"id":393,"date":"2025-10-13T17:29:55","date_gmt":"2025-10-13T18:29:55","guid":{"rendered":"https:\/\/socialdevelopmenthub.org\/?page_id=393"},"modified":"2025-10-13T17:29:55","modified_gmt":"2025-10-13T18:29:55","slug":"susana-duarte","status":"publish","type":"page","link":"https:\/\/socialdevelopmenthub.org\/en\/susana-duarte\/","title":{"rendered":"Susana Duarte"},"content":{"rendered":"<div class=\"wp-block-image\">\n<figure class=\"alignleft size-full\"><img loading=\"lazy\" decoding=\"async\" width=\"281\" height=\"281\" src=\"https:\/\/socialdevelopmenthub.org\/wp-content\/uploads\/2025\/10\/image-12.png\" alt=\"\" class=\"wp-image-394\" srcset=\"https:\/\/socialdevelopmenthub.org\/wp-content\/uploads\/2025\/10\/image-12.png 281w, https:\/\/socialdevelopmenthub.org\/wp-content\/uploads\/2025\/10\/image-12-150x150.png 150w\" sizes=\"auto, (max-width: 281px) 100vw, 281px\" \/><\/figure>\n<\/div>\n\n\n<p><strong>Susana Duarte \u2014 President of the Board<\/strong><\/p>\n\n\n\n<p>With a degree in Marketing and Communication Management, Susana Duarte has almost 20 years of professional experience, focusing on the academic, investment, and third sectors in Cape Verde. Currently, she dedicates herself to management, institutional representation, and the creation of strategic partnerships to strengthen the social community. Susana Duarte takes on the role of Community Administration and Management.<\/p>","protected":false},"excerpt":{"rendered":"<p>Susana Duarte \u2014 Presidente da Dire\u00e7\u00e3o Formada em Gest\u00e3o de Marketing e Comunica\u00e7\u00e3o, Susana Duarte possui quase 20 anos de experi\u00eancia profissional, com foco nos setores acad\u00e9mico, de investimento e do terceiro setor em Cabo Verde. Atualmente, dedica-se \u00e0 gest\u00e3o, representa\u00e7\u00e3o institucional e cria\u00e7\u00e3o de parcerias estrat\u00e9gicas para o fortalecimento da comunidade social. Susana Duarte&hellip;&nbsp;<\/p>","protected":false},"author":1,"featured_media":0,"parent":0,"menu_order":0,"comment_status":"closed","ping_status":"closed","template":"","meta":{"neve_meta_sidebar":"","neve_meta_container":"","neve_meta_enable_content_width":"","neve_meta_content_width":0,"neve_meta_title_alignment":"","neve_meta_author_avatar":"","neve_post_elements_order":"","neve_meta_disable_header":"","neve_meta_disable_footer":"","neve_meta_disable_title":"","neve_meta_reading_time":"","_themeisle_gutenberg_block_has_review":false,"footnotes":""},"class_list":["post-393","page","type-page","status-publish","hentry"],"_links":{"self":[{"href":"https:\/\/socialdevelopmenthub.org\/en\/wp-json\/wp\/v2\/pages\/393","targetHints":{"allow":["GET"]}}],"collection":[{"href":"https:\/\/socialdevelopmenthub.org\/en\/wp-json\/wp\/v2\/pages"}],"about":[{"href":"https:\/\/socialdevelopmenthub.org\/en\/wp-json\/wp\/v2\/types\/page"}],"author":[{"embeddable":true,"href":"https:\/\/socialdevelopmenthub.org\/en\/wp-json\/wp\/v2\/users\/1"}],"replies":[{"embeddable":true,"href":"https:\/\/socialdevelopmenthub.org\/en\/wp-json\/wp\/v2\/comments?post=393"}],"version-history":[{"count":1,"href":"https:\/\/socialdevelopmenthub.org\/en\/wp-json\/wp\/v2\/pages\/393\/revisions"}],"predecessor-version":[{"id":395,"href":"https:\/\/socialdevelopmenthub.org\/en\/wp-json\/wp\/v2\/pages\/393\/revisions\/395"}],"wp:attachment":[{"href":"https:\/\/socialdevelopmenthub.org\/en\/wp-json\/wp\/v2\/media?parent=393"}],"curies":[{"name":"wp","href":"https:\/\/api.w.org\/{rel}","templated":true}]}}