{"id":396,"date":"2025-10-13T17:30:26","date_gmt":"2025-10-13T18:30:26","guid":{"rendered":"https:\/\/socialdevelopmenthub.org\/?page_id=396"},"modified":"2025-10-13T17:30:27","modified_gmt":"2025-10-13T18:30:27","slug":"elton-goncalves","status":"publish","type":"page","link":"https:\/\/socialdevelopmenthub.org\/en\/elton-goncalves\/","title":{"rendered":"Elton Gon\u00e7alves"},"content":{"rendered":"<div class=\"wp-block-image\">\n<figure class=\"alignleft size-full\"><img loading=\"lazy\" decoding=\"async\" width=\"383\" height=\"383\" src=\"https:\/\/socialdevelopmenthub.org\/wp-content\/uploads\/2025\/10\/image-13.png\" alt=\"\" class=\"wp-image-397\" srcset=\"https:\/\/socialdevelopmenthub.org\/wp-content\/uploads\/2025\/10\/image-13.png 383w, https:\/\/socialdevelopmenthub.org\/wp-content\/uploads\/2025\/10\/image-13-300x300.png 300w, https:\/\/socialdevelopmenthub.org\/wp-content\/uploads\/2025\/10\/image-13-150x150.png 150w\" sizes=\"auto, (max-width: 383px) 100vw, 383px\" \/><\/figure>\n<\/div>\n\n\n<p><strong>Elton Gon\u00e7alves \u2014 Vice-President of the Board<\/strong><\/p>\n\n\n\n<p>With significant experience at WeCare, Associa\u00e7\u00e3o Lideras, and the Cape Verde Paralympic Committee, Elton Gon\u00e7alves has accumulated extensive expertise in project management, team building, and promoting social entrepreneurship. He was a Mandela Washington Fellow (YALI) at Indiana University (USA) and currently works at the High Authority for Immigration, developing social entrepreneurship initiatives. Elton Gon\u00e7alves takes on the role of Social Entrepreneurship.<\/p>","protected":false},"excerpt":{"rendered":"<p>Elton Gon\u00e7alves \u2014 Vice-presidente da Dire\u00e7\u00e3o Com passagens relevantes pela WeCare, Associa\u00e7\u00e3o Lideras e Comit\u00e9 Paral\u00edmpico de Cabo Verde, Elton Gon\u00e7alves acumulou ampla experi\u00eancia em gest\u00e3o de projetos, capacita\u00e7\u00e3o de equipas e promo\u00e7\u00e3o do empreendedorismo social. Foi bolseiro Mandela Washington Fellow (YALI) pela Universidade de Indiana (EUA) e atualmente trabalha na Alta Autoridade para a&hellip;&nbsp;<\/p>","protected":false},"author":1,"featured_media":0,"parent":0,"menu_order":0,"comment_status":"closed","ping_status":"closed","template":"","meta":{"neve_meta_sidebar":"","neve_meta_container":"","neve_meta_enable_content_width":"","neve_meta_content_width":0,"neve_meta_title_alignment":"","neve_meta_author_avatar":"","neve_post_elements_order":"","neve_meta_disable_header":"","neve_meta_disable_footer":"","neve_meta_disable_title":"","neve_meta_reading_time":"","_themeisle_gutenberg_block_has_review":false,"footnotes":""},"class_list":["post-396","page","type-page","status-publish","hentry"],"_links":{"self":[{"href":"https:\/\/socialdevelopmenthub.org\/en\/wp-json\/wp\/v2\/pages\/396","targetHints":{"allow":["GET"]}}],"collection":[{"href":"https:\/\/socialdevelopmenthub.org\/en\/wp-json\/wp\/v2\/pages"}],"about":[{"href":"https:\/\/socialdevelopmenthub.org\/en\/wp-json\/wp\/v2\/types\/page"}],"author":[{"embeddable":true,"href":"https:\/\/socialdevelopmenthub.org\/en\/wp-json\/wp\/v2\/users\/1"}],"replies":[{"embeddable":true,"href":"https:\/\/socialdevelopmenthub.org\/en\/wp-json\/wp\/v2\/comments?post=396"}],"version-history":[{"count":1,"href":"https:\/\/socialdevelopmenthub.org\/en\/wp-json\/wp\/v2\/pages\/396\/revisions"}],"predecessor-version":[{"id":398,"href":"https:\/\/socialdevelopmenthub.org\/en\/wp-json\/wp\/v2\/pages\/396\/revisions\/398"}],"wp:attachment":[{"href":"https:\/\/socialdevelopmenthub.org\/en\/wp-json\/wp\/v2\/media?parent=396"}],"curies":[{"name":"wp","href":"https:\/\/api.w.org\/{rel}","templated":true}]}}