{"id":402,"date":"2025-10-13T17:31:37","date_gmt":"2025-10-13T18:31:37","guid":{"rendered":"https:\/\/socialdevelopmenthub.org\/?page_id=402"},"modified":"2025-10-13T17:31:37","modified_gmt":"2025-10-13T18:31:37","slug":"dilma-vieira","status":"publish","type":"page","link":"https:\/\/socialdevelopmenthub.org\/en\/dilma-vieira\/","title":{"rendered":"Dilma Vieira"},"content":{"rendered":"<div class=\"wp-block-image\">\n<figure class=\"alignleft size-full\"><img loading=\"lazy\" decoding=\"async\" width=\"286\" height=\"286\" src=\"https:\/\/socialdevelopmenthub.org\/wp-content\/uploads\/2025\/10\/image-15.png\" alt=\"\" class=\"wp-image-403\" srcset=\"https:\/\/socialdevelopmenthub.org\/wp-content\/uploads\/2025\/10\/image-15.png 286w, https:\/\/socialdevelopmenthub.org\/wp-content\/uploads\/2025\/10\/image-15-150x150.png 150w\" sizes=\"auto, (max-width: 286px) 100vw, 286px\" \/><\/figure>\n<\/div>\n\n\n<p><strong>Dilma Vieira \u2014 President of the Fiscal Council<\/strong><\/p>\n\n\n\n<p>With a degree in Accounting, a Postgraduate degree in Business Management, and an MBA in Asset and Investment Analysis, Dilma Vieira manages BIC \u2013 Business Incubation Center, where she leads programs to promote entrepreneurship such as Sport Bootcamp, Startup Challenge, Viveiro Empreendedor, and She Bootcamp. With extensive experience in innovation and business development, Dilma Vieira focuses on Economic Sustainability and Entrepreneurship.<\/p>","protected":false},"excerpt":{"rendered":"<p>Dilma Vieira \u2014 Presidente do Conselho Fiscal Licenciada em Contabilidade, com P\u00f3s-Gradua\u00e7\u00e3o em Gest\u00e3o de Empresas e MBA em An\u00e1lise de Ativos e Investimentos, Dilma Vieira \u00e9 gestora da BIC \u2013 Business Incubation Center, onde lidera programas de fomento ao empreendedorismo como o Sport Bootcamp, Startup Challenge, Viveiro Empreendedor e She Bootcamp. Com vasta experi\u00eancia&hellip;&nbsp;<\/p>","protected":false},"author":1,"featured_media":0,"parent":0,"menu_order":0,"comment_status":"closed","ping_status":"closed","template":"","meta":{"neve_meta_sidebar":"","neve_meta_container":"","neve_meta_enable_content_width":"","neve_meta_content_width":0,"neve_meta_title_alignment":"","neve_meta_author_avatar":"","neve_post_elements_order":"","neve_meta_disable_header":"","neve_meta_disable_footer":"","neve_meta_disable_title":"","neve_meta_reading_time":"","_themeisle_gutenberg_block_has_review":false,"footnotes":""},"class_list":["post-402","page","type-page","status-publish","hentry"],"_links":{"self":[{"href":"https:\/\/socialdevelopmenthub.org\/en\/wp-json\/wp\/v2\/pages\/402","targetHints":{"allow":["GET"]}}],"collection":[{"href":"https:\/\/socialdevelopmenthub.org\/en\/wp-json\/wp\/v2\/pages"}],"about":[{"href":"https:\/\/socialdevelopmenthub.org\/en\/wp-json\/wp\/v2\/types\/page"}],"author":[{"embeddable":true,"href":"https:\/\/socialdevelopmenthub.org\/en\/wp-json\/wp\/v2\/users\/1"}],"replies":[{"embeddable":true,"href":"https:\/\/socialdevelopmenthub.org\/en\/wp-json\/wp\/v2\/comments?post=402"}],"version-history":[{"count":1,"href":"https:\/\/socialdevelopmenthub.org\/en\/wp-json\/wp\/v2\/pages\/402\/revisions"}],"predecessor-version":[{"id":404,"href":"https:\/\/socialdevelopmenthub.org\/en\/wp-json\/wp\/v2\/pages\/402\/revisions\/404"}],"wp:attachment":[{"href":"https:\/\/socialdevelopmenthub.org\/en\/wp-json\/wp\/v2\/media?parent=402"}],"curies":[{"name":"wp","href":"https:\/\/api.w.org\/{rel}","templated":true}]}}