{"id":405,"date":"2025-10-13T17:32:10","date_gmt":"2025-10-13T18:32:10","guid":{"rendered":"https:\/\/socialdevelopmenthub.org\/?page_id=405"},"modified":"2025-10-28T15:00:53","modified_gmt":"2025-10-28T16:00:53","slug":"sonia-vitoria","status":"publish","type":"page","link":"https:\/\/socialdevelopmenthub.org\/en\/sonia-vitoria\/","title":{"rendered":"S\u00f3nia Vict\u00f3ria"},"content":{"rendered":"<div class=\"wp-block-image\">\n<figure class=\"alignleft size-full is-resized\"><img loading=\"lazy\" decoding=\"async\" width=\"182\" height=\"132\" src=\"https:\/\/socialdevelopmenthub.org\/wp-content\/uploads\/2025\/10\/image-16.png\" alt=\"\" class=\"wp-image-406\" style=\"width:333px;height:auto\"\/><\/figure>\n<\/div>\n\n\n<p><strong>S\u00f3nia Vict\u00f3ria \u2014 Member of the Fiscal Council<\/strong><\/p>\n\n\n\n<p>With a PhD in Geological Engineering, S\u00f3nia Silva Vict\u00f3ria is a researcher at the University of Cape Verde, where she actively participates in projects on geosciences, volcanology, geological risks, and the environment. She is notable for her studies on the Pico do Fogo volcano and her collaboration in natural risk monitoring and mitigation programs. S\u00f3nia Vit\u00f3ria focuses on Environmental Sustainability.<\/p>","protected":false},"excerpt":{"rendered":"<p>S\u00f3nia Vict\u00f3ria \u2014 Vogal do Conselho Fiscal Doutorada em Engenharia Geol\u00f3gica, S\u00f3nia Silva Vict\u00f3ria \u00e9 investigadora da Universidade de Cabo Verde, onde participa ativamente em projetos sobre geoci\u00eancias, vulcanologia, riscos geol\u00f3gicos e ambiente. Destaca-se pelos seus estudos sobre o vulc\u00e3o do Pico do Fogo e pela colabora\u00e7\u00e3o em programas de monitoriza\u00e7\u00e3o e mitiga\u00e7\u00e3o de riscos&hellip;&nbsp;<\/p>","protected":false},"author":1,"featured_media":0,"parent":0,"menu_order":0,"comment_status":"closed","ping_status":"closed","template":"","meta":{"neve_meta_sidebar":"","neve_meta_container":"","neve_meta_enable_content_width":"","neve_meta_content_width":0,"neve_meta_title_alignment":"","neve_meta_author_avatar":"","neve_post_elements_order":"","neve_meta_disable_header":"","neve_meta_disable_footer":"","neve_meta_disable_title":"","neve_meta_reading_time":"","_themeisle_gutenberg_block_has_review":false,"footnotes":""},"class_list":["post-405","page","type-page","status-publish","hentry"],"_links":{"self":[{"href":"https:\/\/socialdevelopmenthub.org\/en\/wp-json\/wp\/v2\/pages\/405","targetHints":{"allow":["GET"]}}],"collection":[{"href":"https:\/\/socialdevelopmenthub.org\/en\/wp-json\/wp\/v2\/pages"}],"about":[{"href":"https:\/\/socialdevelopmenthub.org\/en\/wp-json\/wp\/v2\/types\/page"}],"author":[{"embeddable":true,"href":"https:\/\/socialdevelopmenthub.org\/en\/wp-json\/wp\/v2\/users\/1"}],"replies":[{"embeddable":true,"href":"https:\/\/socialdevelopmenthub.org\/en\/wp-json\/wp\/v2\/comments?post=405"}],"version-history":[{"count":3,"href":"https:\/\/socialdevelopmenthub.org\/en\/wp-json\/wp\/v2\/pages\/405\/revisions"}],"predecessor-version":[{"id":470,"href":"https:\/\/socialdevelopmenthub.org\/en\/wp-json\/wp\/v2\/pages\/405\/revisions\/470"}],"wp:attachment":[{"href":"https:\/\/socialdevelopmenthub.org\/en\/wp-json\/wp\/v2\/media?parent=405"}],"curies":[{"name":"wp","href":"https:\/\/api.w.org\/{rel}","templated":true}]}}