{"id":408,"date":"2025-10-13T17:32:43","date_gmt":"2025-10-13T18:32:43","guid":{"rendered":"https:\/\/socialdevelopmenthub.org\/?page_id=408"},"modified":"2025-10-30T14:09:49","modified_gmt":"2025-10-30T15:09:49","slug":"antonio-vitoria","status":"publish","type":"page","link":"https:\/\/socialdevelopmenthub.org\/en\/antonio-vitoria\/","title":{"rendered":"Ant\u00f3nio Vict\u00f3ria"},"content":{"rendered":"<div class=\"wp-block-image\">\n<figure class=\"alignleft size-full\"><img loading=\"lazy\" decoding=\"async\" width=\"289\" height=\"318\" src=\"https:\/\/socialdevelopmenthub.org\/wp-content\/uploads\/2025\/10\/image-17.png\" alt=\"\" class=\"wp-image-409\" srcset=\"https:\/\/socialdevelopmenthub.org\/wp-content\/uploads\/2025\/10\/image-17.png 289w, https:\/\/socialdevelopmenthub.org\/wp-content\/uploads\/2025\/10\/image-17-273x300.png 273w\" sizes=\"auto, (max-width: 289px) 100vw, 289px\" \/><\/figure>\n<\/div>\n\n\n<p><strong>Ant\u00f3nio Vict\u00f3ria \u2014 Second Member of the Fiscal Council<\/strong><\/p>\n\n\n\n<p>Engineer specializing in electrical power transmission and distribution networks, with extensive experience in sustainable and technologically innovative rural electrification projects. His professional career is marked by a strong commitment to the energy transition and the development of smart solutions for Cape Verde&#039;s energy future.<br>Ant\u00f3nio Victoria acts as an agent of technological innovation, integrating modern and efficient practices in the management of electrical infrastructure, promoting access to energy with environmental responsibility and a strategic vision.<\/p>","protected":false},"excerpt":{"rendered":"<p>Ant\u00f3nio Vict\u00f3ria \u2014 Segundo Vogal do Conselho Fiscal Engenheiro especializado em redes de transporte e distribui\u00e7\u00e3o de energia el\u00e9ctrica, com vasta experi\u00eancia em projectos de electrifica\u00e7\u00e3o rural sustent\u00e1veis e tecnologicamente inovadores. Seu percurso profissional \u00e9 marcado por um forte compromisso com a transi\u00e7\u00e3o energ\u00e9tica e o desenvolvimento de solu\u00e7\u00f5es inteligentes para o futuro energ\u00e9tico de&hellip;&nbsp;<\/p>","protected":false},"author":1,"featured_media":0,"parent":0,"menu_order":0,"comment_status":"closed","ping_status":"closed","template":"","meta":{"neve_meta_sidebar":"","neve_meta_container":"","neve_meta_enable_content_width":"","neve_meta_content_width":0,"neve_meta_title_alignment":"","neve_meta_author_avatar":"","neve_post_elements_order":"","neve_meta_disable_header":"","neve_meta_disable_footer":"","neve_meta_disable_title":"","neve_meta_reading_time":"","_themeisle_gutenberg_block_has_review":false,"footnotes":""},"class_list":["post-408","page","type-page","status-publish","hentry"],"_links":{"self":[{"href":"https:\/\/socialdevelopmenthub.org\/en\/wp-json\/wp\/v2\/pages\/408","targetHints":{"allow":["GET"]}}],"collection":[{"href":"https:\/\/socialdevelopmenthub.org\/en\/wp-json\/wp\/v2\/pages"}],"about":[{"href":"https:\/\/socialdevelopmenthub.org\/en\/wp-json\/wp\/v2\/types\/page"}],"author":[{"embeddable":true,"href":"https:\/\/socialdevelopmenthub.org\/en\/wp-json\/wp\/v2\/users\/1"}],"replies":[{"embeddable":true,"href":"https:\/\/socialdevelopmenthub.org\/en\/wp-json\/wp\/v2\/comments?post=408"}],"version-history":[{"count":4,"href":"https:\/\/socialdevelopmenthub.org\/en\/wp-json\/wp\/v2\/pages\/408\/revisions"}],"predecessor-version":[{"id":533,"href":"https:\/\/socialdevelopmenthub.org\/en\/wp-json\/wp\/v2\/pages\/408\/revisions\/533"}],"wp:attachment":[{"href":"https:\/\/socialdevelopmenthub.org\/en\/wp-json\/wp\/v2\/media?parent=408"}],"curies":[{"name":"wp","href":"https:\/\/api.w.org\/{rel}","templated":true}]}}